{"id":9,"date":"2023-08-14T11:02:18","date_gmt":"2023-08-14T09:02:18","guid":{"rendered":"https:\/\/radiomidulcerefugio.onlinehostsite.com\/?page_id=9"},"modified":"2024-11-17T08:01:25","modified_gmt":"2024-11-17T07:01:25","slug":"radio-online","status":"publish","type":"page","link":"https:\/\/radiomidulcerefugio.onlinehostsite.com\/","title":{"rendered":"Radio Online"},"content":{"rendered":"<p>[et_pb_section fb_built=\u00bb1&#8243; admin_label=\u00bbHeader\u00bb _builder_version=\u00bb4.17.0&#8243; _module_preset=\u00bbdefault\u00bb background_color=\u00bb#060717&#8243; background_image=\u00bbhttps:\/\/radiomidulcerefugio.onlinehostsite.com\/wp-content\/uploads\/2023\/08\/Podcaster-37.png\u00bb background_size=\u00bbinitial\u00bb background_position=\u00bbbottom_center\u00bb custom_padding=\u00bb71px||||false|false\u00bb collapsed=\u00bboff\u00bb global_colors_info=\u00bb{}\u00bb][et_pb_row column_structure=\u00bb1_2,1_2&#8243; _builder_version=\u00bb4.19.5&#8243; _module_preset=\u00bbdefault\u00bb global_colors_info=\u00bb{}\u00bb][et_pb_column type=\u00bb1_2&#8243; _builder_version=\u00bb4.19.5&#8243; _module_preset=\u00bbdefault\u00bb global_colors_info=\u00bb{}\u00bb][et_pb_image src=\u00bbhttps:\/\/radiomidulcerefugio.onlinehostsite.com\/wp-content\/uploads\/2023\/08\/LOGO_MI_DULCE_REFUGIO-removebg-preview.png\u00bb title_text=\u00bbLOGO_MI_DULCE_REFUGIO-removebg-preview\u00bb align=\u00bbcenter\u00bb _builder_version=\u00bb4.19.5&#8243; _module_preset=\u00bbdefault\u00bb custom_margin=\u00bb-103px|-37px||-42px||\u00bb custom_padding=\u00bb4px|1px||||\u00bb global_colors_info=\u00bb{}\u00bb][\/et_pb_image][et_pb_code _builder_version=\u00bb4.21.2&#8243; _module_preset=\u00bbdefault\u00bb background_color=\u00bb#000000&#8243; background_enable_image=\u00bboff\u00bb text_orientation=\u00bbcenter\u00bb module_alignment=\u00bbcenter\u00bb min_height=\u00bb100px\u00bb height=\u00bb100px\u00bb custom_margin=\u00bb|-19px||-12px||\u00bb custom_padding=\u00bb|0px||||\u00bb animation_style=\u00bbroll\u00bb border_radii=\u00bbon|40px|40px|40px|40px\u00bb box_shadow_style=\u00bbpreset6&#8243; global_colors_info=\u00bb{}\u00bb]<iframe loading=\"lazy\" name=\"contenedorPlayer\" class=\"cuadroBordeado\" allow=\"autoplay\" width=\"370px\" height=\"80px\" marginwidth=0 marginheight=0 hspace=0 vspace=0 frameborder=0 scrolling=no  src=\"https:\/\/cp.usastreams.com\/pr2g\/APPlayerRadioHTML5.aspx?stream=https:\/\/emisoraslaredmundial.onlinehostsite.com\/8032\/stream\/;&#038;fondo=05&#038;formato=mp3&#038;color=14&#038;titulo=2&#038;autoStart=1&#038;vol=9&#038;tipo=9&#038;nombre=RaDio+En vivo+Escuchar&#038;imagen=https:\/\/cp.usastreams.com\/playerHTML5\/img\/equalizer1.gif\"><\/iframe>[\/et_pb_code][\/et_pb_column][et_pb_column type=\u00bb1_2&#8243; _builder_version=\u00bb4.19.5&#8243; _module_preset=\u00bbdefault\u00bb global_colors_info=\u00bb{}\u00bb][et_pb_image src=\u00bbhttps:\/\/radiomidulcerefugio.onlinehostsite.com\/wp-content\/uploads\/2023\/08\/Podcaster-2b.png\u00bb title_text=\u00bbPodcaster-2b\u00bb _builder_version=\u00bb4.19.5&#8243; _module_preset=\u00bbdefault\u00bb global_colors_info=\u00bb{}\u00bb][\/et_pb_image][\/et_pb_column][\/et_pb_row][\/et_pb_section][et_pb_section fb_built=\u00bb1&#8243; admin_label=\u00bbPerson\u00bb _builder_version=\u00bb4.17.0&#8243; _module_preset=\u00bbdefault\u00bb background_color=\u00bb#060717&#8243; custom_margin=\u00bb-70px|||||\u00bb custom_padding=\u00bb|0px||||\u00bb locked=\u00bboff\u00bb collapsed=\u00bbon\u00bb global_colors_info=\u00bb{}\u00bb][et_pb_row column_structure=\u00bb1_2,1_2&#8243; _builder_version=\u00bb4.17.4&#8243; _module_preset=\u00bbdefault\u00bb custom_margin=\u00bb-54px|auto||auto||\u00bb global_colors_info=\u00bb{}\u00bb][et_pb_column type=\u00bb1_2&#8243; _builder_version=\u00bb4.17.4&#8243; _module_preset=\u00bbdefault\u00bb global_colors_info=\u00bb{}\u00bb][et_pb_image src=\u00bbhttps:\/\/radiomidulcerefugio.onlinehostsite.com\/wp-content\/uploads\/2023\/11\/RADIO-MDR-2.gif\u00bb title_text=\u00bbRADIO MDR 2&#8243; force_fullwidth=\u00bbon\u00bb _builder_version=\u00bb4.21.2&#8243; _module_preset=\u00bbdefault\u00bb height=\u00bb267px\u00bb max_height=\u00bb303px\u00bb custom_margin=\u00bb19px|||||\u00bb border_radii=\u00bbon|10px|10px|10px|10px\u00bb global_colors_info=\u00bb{}\u00bb][\/et_pb_image][et_pb_text _builder_version=\u00bb4.21.2&#8243; _module_preset=\u00bbdefault\u00bb locked=\u00bboff\u00bb global_colors_info=\u00bb{}\u00bb]<\/p>\n<h5 class=\"elementor-image-box-description\" style=\"text-align: center;\"><span style=\"color: #ccffcc;\">Misi\u00f3n Radio Mi Dulce Refugio<\/span><\/h5>\n<p class=\"elementor-image-box-description\" style=\"text-align: justify;\"><span style=\"color: #999999;\">Llegar a constituirnos en la organizaci\u00f3n l\u00edder en el desarrollo y protecci\u00f3n de LA FAMILIA TRADICIONAL, de las Comunidades y personas en condici\u00f3n de riesgo y vulnerabilidad, de manera Espiritual, Moral, Financiera y Socialmente; Por medio de Instituciones, Programas, Proyectos y Acciones realizadas de manera SOLIDARIA encaminadas a DIGNIFICAR al ser humano, apoyados en el uso de las tecnolog\u00edas de la informaci\u00f3n. en la predicaci\u00f3n del evangelio de JESUCRISTO nuestro GRAN REY DE REYES Y SE\u00d1OR DE SE\u00d1ORES. Bendiciones para la comunidad.<\/span><\/p>\n<p>[\/et_pb_text][\/et_pb_column][et_pb_column type=\u00bb1_2&#8243; _builder_version=\u00bb4.17.4&#8243; _module_preset=\u00bbdefault\u00bb global_colors_info=\u00bb{}\u00bb][et_pb_image src=\u00bbhttps:\/\/radiomidulcerefugio.onlinehostsite.com\/wp-content\/uploads\/2023\/08\/dp1786803.jpg\u00bb title_text=\u00bbdp1786803&#8243; _builder_version=\u00bb4.21.2&#8243; _module_preset=\u00bbdefault\u00bb module_alignment=\u00bbcenter\u00bb min_height=\u00bb279px\u00bb height=\u00bb266px\u00bb max_height=\u00bb266px\u00bb custom_padding=\u00bb16px|||||\u00bb border_radii=\u00bbon|10px|10px|10px|10px\u00bb global_colors_info=\u00bb{}\u00bb][\/et_pb_image][et_pb_text _builder_version=\u00bb4.21.2&#8243; _module_preset=\u00bbdefault\u00bb locked=\u00bboff\u00bb global_colors_info=\u00bb{}\u00bb]<\/p>\n<h5 class=\"elementor-image-box-title\" style=\"text-align: center;\"><span style=\"color: #ccffcc;\">Visi\u00f3n Radio Mi Dulce Refugio<\/span><\/h5>\n<p class=\"elementor-image-box-description\" style=\"text-align: justify;\"><span style=\"color: #999999;\">Fortalecer, Desarrollar y Proteger La Familia Tradicional, mediante el empoderamiento de las personas y las Comunidades, de manera Integral; Por medio de Proyectos, Programas, Herramientas y Acciones realizadas de manera Solidaria y Colaborativa que dignifiquen al ser humano, Aplicando e Impulsando el uso pertinente de las TICS Tecnolog\u00edas de la Comunicaci\u00f3n y la inform\u00e1tica, para dinamizar y masificar la predicaci\u00f3n del evangelio de nuestro GRAN REY DE GLORIA, JESUCRISTO, como el principal agente de transformaci\u00f3n y cambio de la sociedad en todos los \u00e1mbitos de la vida.<\/span><\/p>\n<p>[\/et_pb_text][\/et_pb_column][\/et_pb_row][et_pb_row _builder_version=\u00bb4.19.5&#8243; _module_preset=\u00bbdefault\u00bb global_colors_info=\u00bb{}\u00bb][et_pb_column type=\u00bb4_4&#8243; _builder_version=\u00bb4.19.5&#8243; _module_preset=\u00bbdefault\u00bb global_colors_info=\u00bb{}\u00bb][et_pb_image src=\u00bbhttps:\/\/radiomidulcerefugio.onlinehostsite.com\/wp-content\/uploads\/2023\/08\/DdfKw9JV0AAgKXq.png\u00bb title_text=\u00bbDdfKw9JV0AAgKXq\u00bb align=\u00bbcenter\u00bb _builder_version=\u00bb4.19.5&#8243; _module_preset=\u00bbdefault\u00bb min_height=\u00bb225.4px\u00bb custom_margin=\u00bb-32px|||||\u00bb global_colors_info=\u00bb{}\u00bb][\/et_pb_image][\/et_pb_column][\/et_pb_row][et_pb_row _builder_version=\u00bb4.17.4&#8243; _module_preset=\u00bbdefault\u00bb module_alignment=\u00bbcenter\u00bb custom_margin=\u00bb-25px|25px||17px||\u00bb global_colors_info=\u00bb{}\u00bb][et_pb_column type=\u00bb4_4&#8243; _builder_version=\u00bb4.17.4&#8243; _module_preset=\u00bbdefault\u00bb global_colors_info=\u00bb{}\u00bb][et_pb_code _builder_version=\u00bb4.21.2&#8243; _module_preset=\u00bbdefault\u00bb width=\u00bb107.1%\u00bb module_alignment=\u00bbcenter\u00bb custom_margin=\u00bb|-68px||-16px||\u00bb custom_padding=\u00bb|0px||0px||\u00bb global_colors_info=\u00bb{}\u00bb]<iframe loading=\"lazy\" src=\"https:\/\/www6.cbox.ws\/box\/?boxid=862580&#038;boxtag=MyGyAA\" width=\"100%\" height=\"500\" allowtransparency=\"yes\" allow=\"autoplay\" frameborder=\"0\" marginheight=\"0\" marginwidth=\"0\" scrolling=\"auto\"><\/iframe>[\/et_pb_code][\/et_pb_column][\/et_pb_row][\/et_pb_section][et_pb_section fb_built=\u00bb1&#8243; admin_label=\u00bbFooter\u00bb _builder_version=\u00bb4.17.0&#8243; _module_preset=\u00bbdefault\u00bb background_color=\u00bb#060717&#8243; background_image=\u00bbhttps:\/\/radiomidulcerefugio.onlinehostsite.com\/wp-content\/uploads\/2023\/08\/Podcaster-31.png\u00bb background_size=\u00bbcontain\u00bb background_position=\u00bbcenter_right\u00bb custom_margin=\u00bb-83px|||||\u00bb custom_padding=\u00bb||||false|false\u00bb saved_tabs=\u00bball\u00bb locked=\u00bboff\u00bb collapsed=\u00bbon\u00bb global_colors_info=\u00bb{}\u00bb][et_pb_row _builder_version=\u00bb4.17.0&#8243; _module_preset=\u00bbdefault\u00bb custom_padding=\u00bb0px||0px|||\u00bb global_colors_info=\u00bb{}\u00bb][et_pb_column type=\u00bb4_4&#8243; _builder_version=\u00bb4.17.0&#8243; _module_preset=\u00bbdefault\u00bb global_colors_info=\u00bb{}\u00bb][et_pb_image src=\u00bbhttps:\/\/radiomidulcerefugio.onlinehostsite.com\/wp-content\/uploads\/2023\/08\/Podcaster-10.png\u00bb title_text=\u00bbPodcaster 10&#8243; _builder_version=\u00bb4.17.0&#8243; _module_preset=\u00bbdefault\u00bb global_colors_info=\u00bb{}\u00bb][\/et_pb_image][\/et_pb_column][\/et_pb_row][et_pb_row column_structure=\u00bb2_3,1_3&#8243; _builder_version=\u00bb4.17.0&#8243; _module_preset=\u00bbdefault\u00bb global_colors_info=\u00bb{}\u00bb][et_pb_column type=\u00bb2_3&#8243; _builder_version=\u00bb4.17.0&#8243; _module_preset=\u00bbdefault\u00bb custom_padding=\u00bb||||false|false\u00bb custom_padding_tablet=\u00bb||30px||false|false\u00bb custom_padding_phone=\u00bb\u00bb custom_padding_last_edited=\u00bbon|phone\u00bb global_colors_info=\u00bb{}\u00bb][et_pb_text _builder_version=\u00bb4.19.5&#8243; _module_preset=\u00bbdefault\u00bb header_2_font=\u00bbSarabun|700|||||||\u00bb header_2_text_color=\u00bb#FFFFFF\u00bb header_2_font_size=\u00bb55px\u00bb header_2_line_height=\u00bb1.2em\u00bb custom_margin=\u00bb||10px||false|false\u00bb custom_margin_tablet=\u00bb||0px||false|false\u00bb custom_margin_last_edited=\u00bboff|desktop\u00bb header_2_font_size_tablet=\u00bb30px\u00bb header_2_font_size_phone=\u00bb20px\u00bb header_2_font_size_last_edited=\u00bbon|phone\u00bb global_colors_info=\u00bb{}\u00bb]<\/p>\n<h2><span>\u00a1M\u00fasica variada para todos los gustos!<\/span><\/h2>\n<p>[\/et_pb_text][et_pb_text _builder_version=\u00bb4.17.3&#8243; _module_preset=\u00bbdefault\u00bb text_font=\u00bbQuattrocento Sans||||||||\u00bb text_text_color=\u00bb#FFFFFF\u00bb text_font_size=\u00bb18px\u00bb text_line_height=\u00bb1.6em\u00bb text_font_size_tablet=\u00bb16px\u00bb text_font_size_phone=\u00bb14px\u00bb text_font_size_last_edited=\u00bbon|phone\u00bb global_colors_info=\u00bb{}\u00bb]<\/p>\n<p>Escuchanos\u00a0 las 24\/7 a traves de nuestra APP.<\/p>\n<p>[\/et_pb_text][\/et_pb_column][et_pb_column type=\u00bb1_3&#8243; _builder_version=\u00bb4.17.0&#8243; _module_preset=\u00bbdefault\u00bb global_colors_info=\u00bb{}\u00bb][et_pb_button button_url=\u00bbhttps:\/\/play.google.com\/store\/apps\/details?id=com.servernorte.midulcerefugio\u00bb url_new_window=\u00bbon\u00bb button_text=\u00bbdescarga nuestra app\u00bb _builder_version=\u00bb4.21.2&#8243; _module_preset=\u00bbdefault\u00bb custom_button=\u00bbon\u00bb button_text_size=\u00bb14px\u00bb button_text_color=\u00bb#FFFFFF\u00bb button_bg_use_color_gradient=\u00bbon\u00bb button_bg_color_gradient_direction=\u00bb120deg\u00bb button_bg_color_gradient_stops=\u00bb#f52791 0%|#3742fb 100%\u00bb button_border_width=\u00bb0px\u00bb button_border_radius=\u00bb50px\u00bb button_letter_spacing=\u00bb2px\u00bb button_font=\u00bbSarabun|700||on|||||\u00bb button_use_icon=\u00bboff\u00bb custom_padding=\u00bb20px|50px|20px|50px|true|true\u00bb hover_enabled=\u00bb0&#8243; button_text_size_phone=\u00bb12px\u00bb button_text_size_last_edited=\u00bboff|phone\u00bb global_colors_info=\u00bb{}\u00bb sticky_enabled=\u00bb0&#8243;][\/et_pb_button][\/et_pb_column][\/et_pb_row][et_pb_row column_structure=\u00bb2_3,1_3&#8243; make_equal=\u00bbon\u00bb _builder_version=\u00bb4.17.0&#8243; _module_preset=\u00bbdefault\u00bb global_colors_info=\u00bb{}\u00bb][et_pb_column type=\u00bb2_3&#8243; _builder_version=\u00bb4.17.0&#8243; _module_preset=\u00bbdefault\u00bb custom_padding_tablet=\u00bb\u00bb custom_padding_phone=\u00bb\u00bb custom_padding_last_edited=\u00bbon|phone\u00bb global_colors_info=\u00bb{}\u00bb][et_pb_image src=\u00bbhttps:\/\/radiomidulcerefugio.onlinehostsite.com\/wp-content\/uploads\/2023\/08\/Podcaster-2b.png\u00bb title_text=\u00bbPodcaster 2b\u00bb _builder_version=\u00bb4.17.0&#8243; _module_preset=\u00bbdefault\u00bb custom_margin=\u00bb|||-8vw|false|false\u00bb custom_margin_tablet=\u00bb|0%|||false|false\u00bb custom_margin_last_edited=\u00bboff|desktop\u00bb global_colors_info=\u00bb{}\u00bb][\/et_pb_image][et_pb_image src=\u00bbhttps:\/\/radiomidulcerefugio.onlinehostsite.com\/wp-content\/uploads\/2023\/11\/MDR.gif\u00bb title_text=\u00bbMDR\u00bb _builder_version=\u00bb4.21.2&#8243; _module_preset=\u00bbdefault\u00bb border_radii=\u00bbon|10px|10px|10px|10px\u00bb global_colors_info=\u00bb{}\u00bb][\/et_pb_image][\/et_pb_column][et_pb_column type=\u00bb1_3&#8243; _builder_version=\u00bb4.17.0&#8243; _module_preset=\u00bbdefault\u00bb global_colors_info=\u00bb{}\u00bb][et_pb_text _builder_version=\u00bb4.17.3&#8243; _module_preset=\u00bbdefault\u00bb header_4_font=\u00bbSarabun|700||on|||||\u00bb header_4_text_color=\u00bb#FFFFFF\u00bb header_4_font_size=\u00bb14px\u00bb custom_margin=\u00bb||0px||false|false\u00bb custom_margin_tablet=\u00bb||0px||false|false\u00bb custom_margin_last_edited=\u00bboff|desktop\u00bb header_4_font_size_tablet=\u00bb\u00bb header_4_font_size_phone=\u00bb12px\u00bb header_4_font_size_last_edited=\u00bbon|phone\u00bb global_colors_info=\u00bb{}\u00bb custom_margin__hover_enabled=\u00bboff|desktop\u00bb]<\/p>\n<h4>Contactanos<\/h4>\n<p>[\/et_pb_text][et_pb_text _builder_version=\u00bb4.17.4&#8243; _module_preset=\u00bbdefault\u00bb text_font=\u00bbQuattrocento Sans||||||||\u00bb text_text_color=\u00bb#FFFFFF\u00bb text_font_size=\u00bb18px\u00bb text_line_height=\u00bb1.6em\u00bb link_font=\u00bb|700|||||||\u00bb link_text_color=\u00bb#F7CE3B\u00bb text_font_size_tablet=\u00bb16px\u00bb text_font_size_phone=\u00bb14px\u00bb text_font_size_last_edited=\u00bbon|phone\u00bb global_colors_info=\u00bb{}\u00bb]<\/p>\n<ul class=\"elementor-icon-list-items\">\n<li class=\"elementor-icon-list-item\"><span class=\"elementor-icon-list-text\">Bogot\u00e1, Colombia<\/span><\/li>\n<li class=\"elementor-icon-list-item\"><span class=\"elementor-icon-list-icon\"><i aria-hidden=\"true\" class=\"fas fa-phone-square-alt\"><\/i><\/span><span class=\"elementor-icon-list-text\">+57 322 9146893<\/span><\/li>\n<li class=\"elementor-icon-list-item\"><span class=\"elementor-icon-list-icon\"><i aria-hidden=\"true\" class=\"fas fa-envelope-square\"><\/i><\/span><span class=\"elementor-icon-list-text\">info@corfedscol.com<\/span><\/li>\n<li class=\"elementor-icon-list-item\"><span class=\"elementor-icon-list-icon\"><i aria-hidden=\"true\" class=\"fas fa-donate\"><\/i><\/span><span class=\"elementor-icon-list-text\">DONACIONES: Cuenta de ahorros Western Union Consignaci\u00f3n directa APN 17356000276223<\/span><\/li>\n<li class=\"elementor-icon-list-item\"><span class=\"elementor-icon-list-icon\"><i aria-hidden=\"true\" class=\"fas fa-chalkboard-teacher\"><\/i><\/span><span class=\"elementor-icon-list-text\">Cuenta de ahorros Bancolombia 19112774524<\/span><\/li>\n<li class=\"elementor-icon-list-item\"><span class=\"elementor-icon-list-icon\"><i aria-hidden=\"true\" class=\"fas fa-hand-holding-usd\"><\/i><\/span><span class=\"elementor-icon-list-text\">Cuenta Nequi: 322 914 6893<\/span><\/li>\n<\/ul>\n<p>[\/et_pb_text][et_pb_social_media_follow _builder_version=\u00bb4.21.2&#8243; _module_preset=\u00bbdefault\u00bb hover_enabled=\u00bb0&#8243; border_radii=\u00bbon|32px|32px|32px|32px\u00bb global_colors_info=\u00bb{}\u00bb sticky_enabled=\u00bb0&#8243;][et_pb_social_media_follow_network social_network=\u00bbfacebook\u00bb url=\u00bbhttps:\/\/www.facebook.com\/people\/Radio-Mi-DULCE-refugio\/61567072664186\/?mibextid=ZbWKwL\u00bb _builder_version=\u00bb4.21.2&#8243; _module_preset=\u00bbdefault\u00bb background_color=\u00bb#3b5998&#8243; hover_enabled=\u00bb0&#8243; global_colors_info=\u00bb{}\u00bb follow_button=\u00bboff\u00bb url_new_window=\u00bbon\u00bb sticky_enabled=\u00bb0&#8243;]facebook[\/et_pb_social_media_follow_network][et_pb_social_media_follow_network social_network=\u00bbinstagram\u00bb url=\u00bbhttps:\/\/www.instagram.com\/radiomidulcerefugio\/\u00bb _builder_version=\u00bb4.21.2&#8243; _module_preset=\u00bbdefault\u00bb background_color=\u00bb#ea2c59&#8243; hover_enabled=\u00bb0&#8243; global_colors_info=\u00bb{}\u00bb follow_button=\u00bboff\u00bb url_new_window=\u00bbon\u00bb sticky_enabled=\u00bb0&#8243;]instagram[\/et_pb_social_media_follow_network][et_pb_social_media_follow_network social_network=\u00bbyoutube\u00bb _builder_version=\u00bb4.21.2&#8243; _module_preset=\u00bbdefault\u00bb background_color=\u00bb#a82400&#8243; hover_enabled=\u00bb0&#8243; global_colors_info=\u00bb{}\u00bb follow_button=\u00bboff\u00bb url_new_window=\u00bbon\u00bb url=\u00bbhttps:\/\/www.youtube.com\/@radiomidulcerefugio\u00bb sticky_enabled=\u00bb0&#8243;]youtube[\/et_pb_social_media_follow_network][et_pb_social_media_follow_network social_network=\u00bbtiktok\u00bb _builder_version=\u00bb4.21.2&#8243; _module_preset=\u00bbdefault\u00bb background_color=\u00bb#fe2c55&#8243; hover_enabled=\u00bb0&#8243; global_colors_info=\u00bb{}\u00bb follow_button=\u00bboff\u00bb url_new_window=\u00bbon\u00bb sticky_enabled=\u00bb0&#8243;]tiktok[\/et_pb_social_media_follow_network][\/et_pb_social_media_follow][\/et_pb_column][\/et_pb_row][et_pb_row column_structure=\u00bb1_2,1_2&#8243; _builder_version=\u00bb4.17.4&#8243; _module_preset=\u00bbdefault\u00bb global_colors_info=\u00bb{}\u00bb][et_pb_column type=\u00bb1_2&#8243; _builder_version=\u00bb4.17.4&#8243; _module_preset=\u00bbdefault\u00bb global_colors_info=\u00bb{}\u00bb][et_pb_code _builder_version=\u00bb4.17.4&#8243; _module_preset=\u00bbdefault\u00bb global_colors_info=\u00bb{}\u00bb]<a href = \" \/\/ra.revolvermaps.com\/0\/0\/1.js?i=0h92pqn5ok2&#038;s=260&#038;m=0&#038;v=true&#038;r=true&#038;b=000000&#038;n=true&#038;c = ff0000 \"async =\" async \"> <\/a><script type=\"text\/javascript\" src=\"\/\/rf.revolvermaps.com\/0\/0\/1.js?i=56nf34lw9ry&#038;s=260&#038;m=0&#038;v=true&#038;r=false&#038;b=000000&#038;n=false&#038;c=ff0000\" async=\"async\"><\/script>[\/et_pb_code][et_pb_code _builder_version=\u00bb4.21.2&#8243; _module_preset=\u00bbdefault\u00bb global_colors_info=\u00bb{}\u00bb]<\/p>\n<div id=\"sfccn3hhqcg9a8mtgkxfjlz6gyc3bzsm59u\"><\/div>\n<p><script type=\"text\/javascript\" src=\"https:\/\/counter6.optistats.ovh\/private\/counter.js?c=cn3hhqcg9a8mtgkxfjlz6gyc3bzsm59u&#038;down=async\" async><\/script><noscript><a href=\"https:\/\/www.contadorvisitasgratis.com\" title=\"contador de visitas\"><img decoding=\"async\" src=\"https:\/\/counter6.optistats.ovh\/private\/contadorvisitasgratis.php?c=cn3hhqcg9a8mtgkxfjlz6gyc3bzsm59u\" border=\"0\" title=\"contador de visitas\" alt=\"contador de visitas\"><\/a><\/noscript>[\/et_pb_code][\/et_pb_column][et_pb_column type=\u00bb1_2&#8243; _builder_version=\u00bb4.17.4&#8243; _module_preset=\u00bbdefault\u00bb global_colors_info=\u00bb{}\u00bb][et_pb_code _builder_version=\u00bb4.17.4&#8243; _module_preset=\u00bbdefault\u00bb global_colors_info=\u00bb{}\u00bb]<\/p>\n<div style=\"text-align:center;padding:1em 0;\">\n<h4><a style=\"text-decoration:none;\" href=\"https:\/\/www.zeitverschiebung.net\/es\/city\/3688689\"><span style=\"color:gray;\">Hora actual en<\/span><!\u2013- [et_pb_br_holder] -\u2013>Bogot\u00e1, Colombia<\/a><\/h4>\n<p> <iframe loading=\"lazy\" src=\"https:\/\/www.zeitverschiebung.net\/clock-widget-iframe-v2?language=es&#038;size=small&#038;timezone=America%2FBogota\" width=\"100%\" height=\"90\" frameborder=\"0\" seamless><\/iframe> <\/div>\n<p>[\/et_pb_code][\/et_pb_column][\/et_pb_row][\/et_pb_section]<\/p>\n","protected":false},"excerpt":{"rendered":"<p>Misi\u00f3n Radio Mi Dulce Refugio Llegar a constituirnos en la organizaci\u00f3n l\u00edder en el desarrollo y protecci\u00f3n de LA FAMILIA TRADICIONAL, de las Comunidades y personas en condici\u00f3n de riesgo y vulnerabilidad, de manera Espiritual, Moral, Financiera y Socialmente; Por medio de Instituciones, Programas, Proyectos y Acciones realizadas de manera SOLIDARIA encaminadas a DIGNIFICAR al [&hellip;]<\/p>\n","protected":false},"author":1,"featured_media":0,"parent":0,"menu_order":0,"comment_status":"closed","ping_status":"closed","template":"page-template-blank.php","meta":{"_et_pb_use_builder":"on","_et_pb_old_content":"","_et_gb_content_width":"","footnotes":""},"_links":{"self":[{"href":"https:\/\/radiomidulcerefugio.onlinehostsite.com\/index.php\/wp-json\/wp\/v2\/pages\/9"}],"collection":[{"href":"https:\/\/radiomidulcerefugio.onlinehostsite.com\/index.php\/wp-json\/wp\/v2\/pages"}],"about":[{"href":"https:\/\/radiomidulcerefugio.onlinehostsite.com\/index.php\/wp-json\/wp\/v2\/types\/page"}],"author":[{"embeddable":true,"href":"https:\/\/radiomidulcerefugio.onlinehostsite.com\/index.php\/wp-json\/wp\/v2\/users\/1"}],"replies":[{"embeddable":true,"href":"https:\/\/radiomidulcerefugio.onlinehostsite.com\/index.php\/wp-json\/wp\/v2\/comments?post=9"}],"version-history":[{"count":35,"href":"https:\/\/radiomidulcerefugio.onlinehostsite.com\/index.php\/wp-json\/wp\/v2\/pages\/9\/revisions"}],"predecessor-version":[{"id":85,"href":"https:\/\/radiomidulcerefugio.onlinehostsite.com\/index.php\/wp-json\/wp\/v2\/pages\/9\/revisions\/85"}],"wp:attachment":[{"href":"https:\/\/radiomidulcerefugio.onlinehostsite.com\/index.php\/wp-json\/wp\/v2\/media?parent=9"}],"curies":[{"name":"wp","href":"https:\/\/api.w.org\/{rel}","templated":true}]}}